{"id":92,"date":"2024-11-12T10:02:10","date_gmt":"2024-11-12T10:02:10","guid":{"rendered":"https:\/\/fpbonline.es\/marcos\/?page_id=92"},"modified":"2024-12-14T23:39:39","modified_gmt":"2024-12-14T23:39:39","slug":"santa-maria-de-la-esperanza-en-su-soledad","status":"publish","type":"page","link":"https:\/\/bendicionyesperanza.es\/?page_id=92","title":{"rendered":"Santa Mar\u00eda de la Esperanza en su\u00a0Soledad"},"content":{"rendered":"\t\t<div data-elementor-type=\"wp-page\" data-elementor-id=\"92\" class=\"elementor elementor-92\" data-elementor-post-type=\"page\">\n\t\t\t\t\t\t<section class=\"elementor-section elementor-top-section elementor-element elementor-element-23dfb9b elementor-section-boxed elementor-section-height-default elementor-section-height-default\" data-id=\"23dfb9b\" data-element_type=\"section\" data-e-type=\"section\" data-settings=\"{&quot;background_background&quot;:&quot;classic&quot;}\">\n\t\t\t\t\t\t\t<div class=\"elementor-background-overlay\"><\/div>\n\t\t\t\t\t\t\t<div class=\"elementor-container elementor-column-gap-no\">\n\t\t\t\t\t<div class=\"elementor-column elementor-col-100 elementor-top-column elementor-element elementor-element-9d82037\" data-id=\"9d82037\" data-element_type=\"column\" data-e-type=\"column\">\n\t\t\t<div class=\"elementor-widget-wrap elementor-element-populated\">\n\t\t\t\t\t\t<div class=\"elementor-element elementor-element-6849aba elementor-widget__width-initial elementor-invisible elementor-widget elementor-widget-heading\" data-id=\"6849aba\" data-element_type=\"widget\" data-e-type=\"widget\" data-settings=\"{&quot;_animation&quot;:&quot;fadeInDown&quot;}\" data-widget_type=\"heading.default\">\n\t\t\t\t\t<h2 class=\"elementor-heading-title elementor-size-default\">Santa Mar\u00eda de la Esperanza en su Soledad\u200b<\/h2>\t\t\t\t<\/div>\n\t\t\t\t\t<\/div>\n\t\t<\/div>\n\t\t\t\t\t<\/div>\n\t\t<\/section>\n\t\t\t\t<section class=\"elementor-section elementor-top-section elementor-element elementor-element-b20289b elementor-section-full_width elementor-section-height-default elementor-section-height-default\" data-id=\"b20289b\" data-element_type=\"section\" data-e-type=\"section\">\n\t\t\t\t\t\t<div class=\"elementor-container elementor-column-gap-no\">\n\t\t\t\t\t<div class=\"elementor-column elementor-col-100 elementor-top-column elementor-element elementor-element-ea8ae0b\" data-id=\"ea8ae0b\" data-element_type=\"column\" data-e-type=\"column\">\n\t\t\t<div class=\"elementor-widget-wrap elementor-element-populated\">\n\t\t\t\t\t\t<section class=\"elementor-section elementor-inner-section elementor-element elementor-element-80be61b elementor-section-full_width elementor-section-height-default elementor-section-height-default\" data-id=\"80be61b\" data-element_type=\"section\" data-e-type=\"section\">\n\t\t\t\t\t\t<div class=\"elementor-container elementor-column-gap-no\">\n\t\t\t\t\t<div class=\"elementor-column elementor-col-100 elementor-inner-column elementor-element elementor-element-89ca17c\" data-id=\"89ca17c\" data-element_type=\"column\" data-e-type=\"column\" data-settings=\"{&quot;background_background&quot;:&quot;classic&quot;}\">\n\t\t\t<div class=\"elementor-widget-wrap elementor-element-populated\">\n\t\t\t\t\t<div class=\"elementor-background-overlay\"><\/div>\n\t\t\t\t\t\t<div class=\"elementor-element elementor-element-6614ccd elementor-widget elementor-widget-text-editor\" data-id=\"6614ccd\" data-element_type=\"widget\" data-e-type=\"widget\" data-widget_type=\"text-editor.default\">\n\t\t\t\t\t\t\t\t\t<p class=\"texto01\" data-adtags-visited=\"true\">La Dolorosa es una imagen tallada en madera de cedro real, de 167 cm de altura, presentando las manos entrelazadas.<br \/>Tiene el semblante maduro y desencajado, con mirada alta y llorosa hacia el Hijo. Caen cinco l\u00e1grimas por sus mejillas, adem\u00e1s tiene un leve aire decimon\u00f3nico en su composici\u00f3n.<br \/>La imagen es obra del imaginero Juan Antonio Blanco Ramos.<\/p><p><span style=\"font-size: 16px; color: #000000;\">La imagen es obra del imaginero <strong>Juan Antonio Blanco Ramos.<\/strong><\/span><\/p>\t\t\t\t\t\t\t\t<\/div>\n\t\t\t\t\t<\/div>\n\t\t<\/div>\n\t\t\t\t\t<\/div>\n\t\t<\/section>\n\t\t\t\t\t<\/div>\n\t\t<\/div>\n\t\t\t\t\t<\/div>\n\t\t<\/section>\n\t\t<div class=\"elementor-element elementor-element-4abf934 e-flex e-con-boxed e-con e-parent\" data-id=\"4abf934\" data-element_type=\"container\" data-e-type=\"container\">\n\t\t\t\t\t<div class=\"e-con-inner\">\n\t\t\t\t<div class=\"elementor-element elementor-element-072fbc2 elementor-widget elementor-widget-image\" data-id=\"072fbc2\" data-element_type=\"widget\" data-e-type=\"widget\" data-widget_type=\"image.default\">\n\t\t\t\t\t\t\t\t\t\t\t\t\t\t\t<img fetchpriority=\"high\" decoding=\"async\" width=\"1358\" height=\"2048\" src=\"https:\/\/bendicionyesperanza.es\/wp-content\/uploads\/2024\/11\/10-1358x2048.webp\" class=\"attachment-2048x2048 size-2048x2048 wp-image-335\" alt=\"\" srcset=\"https:\/\/bendicionyesperanza.es\/wp-content\/uploads\/2024\/11\/10-1358x2048.webp 1358w, https:\/\/bendicionyesperanza.es\/wp-content\/uploads\/2024\/11\/10-199x300.webp 199w, https:\/\/bendicionyesperanza.es\/wp-content\/uploads\/2024\/11\/10-679x1024.webp 679w, https:\/\/bendicionyesperanza.es\/wp-content\/uploads\/2024\/11\/10-768x1158.webp 768w, https:\/\/bendicionyesperanza.es\/wp-content\/uploads\/2024\/11\/10-1019x1536.webp 1019w, https:\/\/bendicionyesperanza.es\/wp-content\/uploads\/2024\/11\/10.webp 1496w\" sizes=\"(max-width: 1358px) 100vw, 1358px\" \/>\t\t\t\t\t\t\t\t\t\t\t\t\t\t\t<\/div>\n\t\t\t\t\t<\/div>\n\t\t\t\t<\/div>\n\t\t\t\t<\/div>\n\t\t","protected":false},"excerpt":{"rendered":"<p>Santa Mar\u00eda de la Esperanza en su Soledad\u200b La Dolorosa es una imagen tallada en madera de cedro real, de [&hellip;]<\/p>\n","protected":false},"author":1,"featured_media":0,"parent":0,"menu_order":0,"comment_status":"closed","ping_status":"closed","template":"elementor_header_footer","meta":{"site-sidebar-layout":"no-sidebar","site-content-layout":"","ast-site-content-layout":"full-width-container","site-content-style":"default","site-sidebar-style":"default","ast-global-header-display":"","ast-banner-title-visibility":"","ast-main-header-display":"","ast-hfb-above-header-display":"","ast-hfb-below-header-display":"","ast-hfb-mobile-header-display":"","site-post-title":"disabled","ast-breadcrumbs-content":"","ast-featured-img":"disabled","footer-sml-layout":"","ast-disable-related-posts":"","theme-transparent-header-meta":"","adv-header-id-meta":"","stick-header-meta":"","header-above-stick-meta":"","header-main-stick-meta":"","header-below-stick-meta":"","astra-migrate-meta-layouts":"default","ast-page-background-enabled":"default","ast-page-background-meta":{"desktop":{"background-color":"var(--ast-global-color-4)","background-image":"","background-repeat":"repeat","background-position":"center center","background-size":"auto","background-attachment":"scroll","background-type":"","background-media":"","overlay-type":"","overlay-color":"","overlay-opacity":"","overlay-gradient":""},"tablet":{"background-color":"","background-image":"","background-repeat":"repeat","background-position":"center center","background-size":"auto","background-attachment":"scroll","background-type":"","background-media":"","overlay-type":"","overlay-color":"","overlay-opacity":"","overlay-gradient":""},"mobile":{"background-color":"","background-image":"","background-repeat":"repeat","background-position":"center center","background-size":"auto","background-attachment":"scroll","background-type":"","background-media":"","overlay-type":"","overlay-color":"","overlay-opacity":"","overlay-gradient":""}},"ast-content-background-meta":{"desktop":{"background-color":"var(--ast-global-color-5)","background-image":"","background-repeat":"repeat","background-position":"center center","background-size":"auto","background-attachment":"scroll","background-type":"","background-media":"","overlay-type":"","overlay-color":"","overlay-opacity":"","overlay-gradient":""},"tablet":{"background-color":"var(--ast-global-color-5)","background-image":"","background-repeat":"repeat","background-position":"center center","background-size":"auto","background-attachment":"scroll","background-type":"","background-media":"","overlay-type":"","overlay-color":"","overlay-opacity":"","overlay-gradient":""},"mobile":{"background-color":"var(--ast-global-color-5)","background-image":"","background-repeat":"repeat","background-position":"center center","background-size":"auto","background-attachment":"scroll","background-type":"","background-media":"","overlay-type":"","overlay-color":"","overlay-opacity":"","overlay-gradient":""}},"footnotes":""},"class_list":["post-92","page","type-page","status-publish","hentry"],"_links":{"self":[{"href":"https:\/\/bendicionyesperanza.es\/index.php?rest_route=\/wp\/v2\/pages\/92","targetHints":{"allow":["GET"]}}],"collection":[{"href":"https:\/\/bendicionyesperanza.es\/index.php?rest_route=\/wp\/v2\/pages"}],"about":[{"href":"https:\/\/bendicionyesperanza.es\/index.php?rest_route=\/wp\/v2\/types\/page"}],"author":[{"embeddable":true,"href":"https:\/\/bendicionyesperanza.es\/index.php?rest_route=\/wp\/v2\/users\/1"}],"replies":[{"embeddable":true,"href":"https:\/\/bendicionyesperanza.es\/index.php?rest_route=%2Fwp%2Fv2%2Fcomments&post=92"}],"version-history":[{"count":31,"href":"https:\/\/bendicionyesperanza.es\/index.php?rest_route=\/wp\/v2\/pages\/92\/revisions"}],"predecessor-version":[{"id":2616,"href":"https:\/\/bendicionyesperanza.es\/index.php?rest_route=\/wp\/v2\/pages\/92\/revisions\/2616"}],"wp:attachment":[{"href":"https:\/\/bendicionyesperanza.es\/index.php?rest_route=%2Fwp%2Fv2%2Fmedia&parent=92"}],"curies":[{"name":"wp","href":"https:\/\/api.w.org\/{rel}","templated":true}]}}